{"id":1061,"date":"2023-07-22T10:29:50","date_gmt":"2023-07-22T08:29:50","guid":{"rendered":"https:\/\/www.radio-rum.de\/web\/?page_id=1061"},"modified":"2023-07-22T10:29:50","modified_gmt":"2023-07-22T08:29:50","slug":"inhaltlich-redaktionelle-plattform","status":"publish","type":"page","link":"https:\/\/www.radio-rum.de\/web\/inhaltlich-redaktionelle-plattform\/","title":{"rendered":"Inhaltlich redaktionelle Plattform"},"content":{"rendered":"<h3><strong>I. Strukturelle Grunds\u00e4tze<\/strong><\/h3>\n<h6><strong>1. SELBSTVERST\u00c4NDNIS<\/strong><\/h6>\n<p align=\"justify\">RUM versteht sich als Freies Radio. Es ist ein unabh\u00e4ngiges, selbstverwaltetes, (basis)-demokratisches, linkes Mitglieder-Radio im Raum Marburg, das unter gemeinn\u00fctzigen und nichtkommerziellen Gesichtspunkten arbeitet.<\/p>\n<h6 align=\"justify\"><strong>2. GEGEN\u00d6FFENTLICHKEIT<\/strong><\/h6>\n<p align=\"justify\">RUM ist dem Ziel der Gegen\u00f6ffentlichkeit verpflichtet. Gegen\u00f6ffentlichkeit orientiert sich an den Interessen der Menschen, die in den bestehenden Medien nicht oder nur unzureichend zu Wort kommen. Der Austausch von Informationen, Erfahrungen und Meinungen, die ansonsten in den Medien unterbleiben, soll gef\u00f6rdert werden.<\/p>\n<h6 align=\"justify\"><strong>3. OFFENHEIT<\/strong><\/h6>\n<p align=\"justify\">RUM gibt allen Personen und Gruppen im Rahmen dieser Grunds\u00e4tze die M\u00f6glichkeit zu un-zensierter Meinungs\u00e4u\u00dferung und Informationsvermittlung. Vorrang haben dabei solche Personen und Gruppen, die in den bestehenden Medien keinen oder nur begrenzten Zugang haben.<\/p>\n<h6 align=\"justify\"><strong>4. MITGLIEDERRADIO<\/strong><\/h6>\n<p align=\"justify\">RUM ist kein Privateigentum, sondern geh\u00f6rt allen Mitgliedern und wird kollektiv verwaltet. RUM strebt die Aufhebung der Trennung zwischen Produzierenden und H\u00f6renden an.<\/p>\n<h6 align=\"justify\"><strong>5. UNABH\u00c4NGIGKEIT<\/strong><\/h6>\n<p align=\"justify\">Keine Gruppe, Organisation oder Einzelperson darf eine Vorrangstellung im Sender ein-nehmen. Finanzielle, zahlenm\u00e4\u00dfige oder gesellschaftliche Macht darf nicht genutzt werden, um anderen gesellschaftlichen Gruppen die Beteiligung am bzw die \u00c4u\u00dferung \u00fcber den Sender zu erschweren. Parteien und Kirchen sind von der Mitgliedschaft ausgeschlossen.<\/p>\n<h6 align=\"justify\"><strong>6. TRANZPARENZ<\/strong><\/h6>\n<p align=\"justify\">Die interne Organisation und die Auswahlkriterien von Sendeinhalten sind durchschaubar und nachpr\u00fcfbar. Meinungsunterschiede der Redaktionen und der H\u00f6rInnen sollen \u00fcber den Sender ausgetragen werden k\u00f6nnen: JedeR soll die M\u00f6glichkeit haben, Konflikte nachzuvollziehen und sich eigenst\u00e4ndig eine Meinung zu bilden.<\/p>\n<h6 align=\"justify\"><strong>7. NICHTKOMMERZIALIT\u00c4T<\/strong><\/h6>\n<p align=\"justify\">RUM arbeitet nicht gewinnorientiert. Die redaktionelle Arbeit wird ehrenamtlich erbracht. Kommerzielle Werbung und Sponsoring \u00fcber den Sender schlie\u00dfen wir aus.<\/p>\n<h6 align=\"justify\"><strong>8. LOKALBEZUG<\/strong><\/h6>\n<p align=\"justify\">RUM versteht sich als Kommunikationsmittel im \u00fcberschaubaren lokalen und regionalen Raum. Es orientiert sich an den Entwicklungen in seinem Sendegebiet, beschr\u00e4nkt sich aber nicht darauf. Politische, kulturelle und soziale Gruppen aus dem Sendegebiet k\u00f6nnen regelm\u00e4\u00dfig selbst\u00e4ndig Sendungen gestalten.<\/p>\n<h6 align=\"justify\"><strong>9. KOOPERATION<\/strong><\/h6>\n<p align=\"justify\">RUM arbeitet mit Freien Radios im In- und Ausland zusammen und ist Mitglied im Bundesverband Freier Radios (BFR). Die konkurrenzfreie und solidarische Zusammenarbeit mit kritischen Medienschaffenden wird angestrebt.<\/p>\n<h3><span class=\"mainbody\"><strong><br \/>\n<\/strong><strong>II. Inhaltliche Grunds\u00e4tze<\/strong><\/span><\/h3>\n<p align=\"justify\">1.Alle Redaktionen, Gruppen und Einzelpersonen sind f\u00fcr den Inhalt ihrer Beitr\u00e4ge verantwortlich.<\/p>\n<p align=\"justify\">2.Die RadiomacherInnen halten sich an die Grunds\u00e4tze der Toleranz, der Menschenw\u00fcrde, der Gleichberechtigung und der Selbstbestimmung. Dies betrifft insbesondere:<\/p>\n<h6 align=\"justify\"><strong>a. Das Verh\u00e4ltnis der Geschlechter<\/strong><\/h6>\n<p align=\"justify\">RUM tritt patriarchalen Strukturen entgegen und setzt sich f\u00fcr ein herrschaftsfreies Geschlechterverh\u00e4ltnis ein, welches langfristig das starre Denken in Mann-Frau-Kategorien aufheben soll. Sexistische und heteronormative Standpunkte schlie\u00dfen wir aus.<\/p>\n<h6 align=\"justify\"><strong>b. Die Beziehungen zwischen Menschen unterschiedlicher Hautfarbe, Herkunft etc.<\/strong><\/h6>\n<p align=\"justify\">Jede Form von Rassismus; Antisemitismus und Faschismus lehnen wir ab. Wir wollen derartige Gedanken und Taten aufsp\u00fcren, dagegen angehen und entschieden Solidarit\u00e4t mit den von Verfolgung und Ausgrenzung Betroffenen zeigen. Die Redaktionen stellen ein interkulturelles Programm zusammen, das soziale und kulturelle Grenzen \u00fcberschreitet. RUM setzt sich f\u00fcr Strukturen ein, in denen Menschen unterschiedlicher Herkunft, Hautfarbe, etc. nicht mehr klassifiziert und in \u00f6konomischer, sozialer und rechtlicher Hinsicht benachteiligt werden.<\/p>\n<h6 align=\"justify\"><strong>c. Das solidarische Zusammenleben<\/strong><\/h6>\n<p align=\"justify\">Wir wirken dem allgemeinen Trend zur Vereinzelung und Anonymit\u00e4t in unserer Gesellschaft entgegen. RUM will Alternativen aufzeigen und zum solidarischen Zusammenleben ermutigen.<\/p>\n<h6 align=\"justify\"><strong>d. Das Selbstbestimmungsrecht aller Menschen<\/strong><\/h6>\n<p align=\"justify\">RUM kritisiert hierarchische und autorit\u00e4re Strukturen, insbesondere von Staat, Wirtschaft und Kirche. Wir wirken auf eine Gesellschaft hin, die die selbstbestimmte Entwicklung eines jeden Menschen m\u00f6glich macht. Vor allem derjenigen Menschen, denen das Leben durch Bevormundung, Benachteiligung und Anpassungsdruck schwer gemacht wird (z.B. Schwulen, Lesben, unter Armut Leidenden, Menschen unterschiedlicher Hautfarbe, religi\u00f6ser oder politischer Identit\u00e4t, Menschen mit unterschiedlichen psychischen oder k\u00f6rperlichen Merkmalen, Alten, Kindern, u.v.a.).<\/p>\n<h6 align=\"justify\"><strong>e. Der Zusammenhang zwischen Mensch und Produktion<\/strong><\/h6>\n<p align=\"justify\">Das marktwirtschaftliche System kritisieren wir hinsichtlich seiner entfremdenden und zer-st\u00f6renden Wirkung auf Mensch und Umwelt. Wir wollen die Spielregeln und die Logik, nach der \u201eunser\u201c Wirtschaftssystem funktioniert, durchschaubar machen. RUM setzt sich f\u00fcr eine \u00f6kologische und sozialvertr\u00e4gliche Wirtschaftsweise ein.<\/p>\n<h6 align=\"justify\"><strong>f. Die internationalen Beziehungen<\/strong><\/h6>\n<p align=\"justify\">RUM will die Gefahren nationalistischer, auch eurozentrischer Politik anmahnen (z.B. anhand der deutschen Geschichte) und gegen kollektive Verdr\u00e4ngungsmechanismen ank\u00e4mpfen. Ideen und Strukturen, die Konflikte militaristisch \u201el\u00f6sen\u201c wollen und die den einzelnen L\u00e4ndern, insbesondere denen des Trikonts, nicht gleichberechtigte und selbst-bestimmte Entwicklung zugestehen bzw. diese unm\u00f6glich machen, wollen wir anprangern und wachsam auf solche Tendenzen in allen Bereichen der Gesellschaft reagieren.<\/p>\n<h6 align=\"justify\"><strong>g. Den Umgang mit der Sprache<\/strong><\/h6>\n<p align=\"justify\">Wir sind uns der gesellschaftlichen Wirkung von Sprache bewusst und wollen eine vorurteilsfreie Sprache verwenden.<\/p>\n<h6 align=\"justify\"><strong>h.<\/strong> Dar\u00fcberhinaus bem\u00fchen sich die Produzent\/innen bei ihrer Arbeit,<\/h6>\n<ul>\n<li>\u00a0in ihren Beitr\u00e4gen die strukturellen und inhaltlichen Grunds\u00e4tze anzuwenden und fortzuentwicklen,<\/li>\n<li>in Beitr\u00e4gen mit informativem Charakter vor allem die Grunds\u00e4tze der Gegen\u00f6ffentlichkeit, der Transparenz und des Lokalbezuges anzuwenden und weiterzuentwickeln,<\/li>\n<li>in Musikbeitr\u00e4gen kontrastreiche Musik und Musikstile in deren Lebenszusammenhang einzubinden und eine kritische Auseinandersetzung mit Musikkultur m\u00f6glich zu machen.<\/li>\n<\/ul>\n<p align=\"justify\"><em>Die Grunds\u00e4tze wurden durch die Mitglieder von RUM am 22.November 1994 beschlossen und sind bindend f\u00fcr die journalistische, organisatorische und technische Arbeit in den bestehenden und k\u00fcnftigen Organen und Gremien von RUM. Sie k\u00f6nnen von der Mitgliederversammlung per Beschluss modifiziert werden.<\/em><\/p>\n<p align=\"justify\"><em>Auf der Mitgliederversammlung am 27.01.2009 wurden \u00c4nderungen in den Punkten II.a. und II.b. beschlossen.<\/em><\/p>\n","protected":false},"excerpt":{"rendered":"<p>I. Strukturelle Grunds\u00e4tze 1. SELBSTVERST\u00c4NDNIS RUM versteht sich als Freies Radio. Es ist ein unabh\u00e4ngiges, selbstverwaltetes, (basis)-demokratisches, linkes Mitglieder-Radio im Raum Marburg, das unter gemeinn\u00fctzigen und nichtkommerziellen Gesichtspunkten arbeitet. 2. GEGEN\u00d6FFENTLICHKEIT RUM ist dem Ziel der Gegen\u00f6ffentlichkeit verpflichtet. Gegen\u00f6ffentlichkeit orientiert sich an den Interessen der Menschen, die in den bestehenden Medien nicht oder nur unzureichend &hellip; <\/p>\n<p><a class=\"more-link btn\" href=\"https:\/\/www.radio-rum.de\/web\/inhaltlich-redaktionelle-plattform\/\">Weiterlesen<\/a><\/p>\n","protected":false},"author":1,"featured_media":0,"parent":0,"menu_order":0,"comment_status":"closed","ping_status":"closed","template":"","meta":{"footnotes":""},"class_list":["post-1061","page","type-page","status-publish","hentry","nodate","item-wrap"],"publishpress_future_action":{"enabled":false,"date":"2026-05-13 05:55:52","action":"change-status","newStatus":"draft","terms":[],"taxonomy":"","extraData":[]},"publishpress_future_workflow_manual_trigger":{"enabledWorkflows":[]},"_links":{"self":[{"href":"https:\/\/www.radio-rum.de\/web\/wp-json\/wp\/v2\/pages\/1061","targetHints":{"allow":["GET"]}}],"collection":[{"href":"https:\/\/www.radio-rum.de\/web\/wp-json\/wp\/v2\/pages"}],"about":[{"href":"https:\/\/www.radio-rum.de\/web\/wp-json\/wp\/v2\/types\/page"}],"author":[{"embeddable":true,"href":"https:\/\/www.radio-rum.de\/web\/wp-json\/wp\/v2\/users\/1"}],"replies":[{"embeddable":true,"href":"https:\/\/www.radio-rum.de\/web\/wp-json\/wp\/v2\/comments?post=1061"}],"version-history":[{"count":0,"href":"https:\/\/www.radio-rum.de\/web\/wp-json\/wp\/v2\/pages\/1061\/revisions"}],"wp:attachment":[{"href":"https:\/\/www.radio-rum.de\/web\/wp-json\/wp\/v2\/media?parent=1061"}],"curies":[{"name":"wp","href":"https:\/\/api.w.org\/{rel}","templated":true}]}}