{"id":1201,"date":"2023-07-22T10:41:55","date_gmt":"2023-07-22T08:41:55","guid":{"rendered":"https:\/\/www.radio-rum.de\/web\/?page_id=1201"},"modified":"2023-09-12T09:49:37","modified_gmt":"2023-09-12T07:49:37","slug":"stream","status":"publish","type":"page","link":"https:\/\/www.radio-rum.de\/web\/stream\/","title":{"rendered":"Livestream"},"content":{"rendered":"<p>Du kannst uns weltweit \u00fcber das Internet empfangen. Klick im Men\u00fc einfach auf den Button &#8220;Webplayer&#8221;.<\/p>\n<a href=\"https:\/\/www.radio-rum.de\/web\/app\/\" class=\"popup\" data-width=\"400\" data-height=\"400\" data-scrollbars=\"1\" alt=\"popup\"><img loading=\"lazy\" decoding=\"async\" class=\"aligncenter size-large wp-image-198961\" src=\"https:\/\/www.radio-rum.de\/web\/wp-content\/uploads\/2023\/09\/livestream-webapp-1024x705.png\" alt=\"\" width=\"750\" height=\"516\" \/><br \/>\n<\/a>\n<strong>F\u00fcr externe Player kannst du diese Stream-Adressen verwenden:<\/strong><\/p>\n<p>Die Adresse des normalen Streams mit 128 kBit lautet:<\/p>\n<pre><a href=\"http:\/\/stream.radio-rum.de:8000\/rum.mp3\">http:\/\/stream.radio-rum.de:8000\/rum.mp3<\/a><\/pre>\n<p>F\u00fcr Mobilfunknutzer haben wir auch einen Lowstream mit 64 kBit:<\/p>\n<pre><a class=\"fixed\" href=\"http:\/\/stream.radio-rum.de:8000\/rum_24.mp3\">http:\/\/stream.radio-rum.de:8000\/rum_24.mp3<\/a><\/pre>\n","protected":false},"excerpt":{"rendered":"<p>Du kannst uns weltweit \u00fcber das Internet empfangen. Klick im Men\u00fc einfach auf den Button &#8220;Webplayer&#8221;. F\u00fcr externe Player kannst du diese Stream-Adressen verwenden: Die Adresse des normalen Streams mit 128 kBit lautet: http:\/\/stream.radio-rum.de:8000\/rum.mp3 F\u00fcr Mobilfunknutzer haben wir auch einen Lowstream mit 64 kBit: http:\/\/stream.radio-rum.de:8000\/rum_24.mp3<\/p>\n","protected":false},"author":1,"featured_media":0,"parent":0,"menu_order":0,"comment_status":"closed","ping_status":"closed","template":"","meta":{"footnotes":""},"class_list":["post-1201","page","type-page","status-publish","hentry","nodate","item-wrap"],"publishpress_future_action":{"enabled":false,"date":"2026-05-21 14:12:50","action":"change-status","newStatus":"draft","terms":[],"taxonomy":"","extraData":[]},"publishpress_future_workflow_manual_trigger":{"enabledWorkflows":[]},"_links":{"self":[{"href":"https:\/\/www.radio-rum.de\/web\/wp-json\/wp\/v2\/pages\/1201","targetHints":{"allow":["GET"]}}],"collection":[{"href":"https:\/\/www.radio-rum.de\/web\/wp-json\/wp\/v2\/pages"}],"about":[{"href":"https:\/\/www.radio-rum.de\/web\/wp-json\/wp\/v2\/types\/page"}],"author":[{"embeddable":true,"href":"https:\/\/www.radio-rum.de\/web\/wp-json\/wp\/v2\/users\/1"}],"replies":[{"embeddable":true,"href":"https:\/\/www.radio-rum.de\/web\/wp-json\/wp\/v2\/comments?post=1201"}],"version-history":[{"count":7,"href":"https:\/\/www.radio-rum.de\/web\/wp-json\/wp\/v2\/pages\/1201\/revisions"}],"predecessor-version":[{"id":205841,"href":"https:\/\/www.radio-rum.de\/web\/wp-json\/wp\/v2\/pages\/1201\/revisions\/205841"}],"wp:attachment":[{"href":"https:\/\/www.radio-rum.de\/web\/wp-json\/wp\/v2\/media?parent=1201"}],"curies":[{"name":"wp","href":"https:\/\/api.w.org\/{rel}","templated":true}]}}