{"id":161,"date":"2023-07-22T07:53:30","date_gmt":"2023-07-22T05:53:30","guid":{"rendered":"https:\/\/radio-rum.de\/web\/?page_id=161"},"modified":"2024-03-11T13:28:26","modified_gmt":"2024-03-11T12:28:26","slug":"ueber-uns","status":"publish","type":"page","link":"https:\/\/www.radio-rum.de\/web\/ueber-uns\/","title":{"rendered":"\u00dcber uns"},"content":{"rendered":"<p data-wp-editing=\"1\"><img loading=\"lazy\" decoding=\"async\" class=\"aligncenter size-full wp-image-171\" src=\"https:\/\/radio-rum.de\/web\/wp-content\/uploads\/2023\/07\/test4.jpg\" alt=\"\" width=\"1024\" height=\"512\" \/><\/p>\n<p><span class=\"mainbody\"><strong><img loading=\"lazy\" decoding=\"async\" class=\"alignright size-medium wp-image-199481\" src=\"https:\/\/www.radio-rum.de\/web\/wp-content\/uploads\/2023\/07\/rum_logo-300x149.png\" alt=\"\" width=\"300\" height=\"149\" srcset=\"https:\/\/www.radio-rum.de\/web\/wp-content\/uploads\/2023\/07\/rum_logo-300x149.png 300w, https:\/\/www.radio-rum.de\/web\/wp-content\/uploads\/2023\/07\/rum_logo-1024x509.png 1024w, https:\/\/www.radio-rum.de\/web\/wp-content\/uploads\/2023\/07\/rum_logo-768x382.png 768w, https:\/\/www.radio-rum.de\/web\/wp-content\/uploads\/2023\/07\/rum_logo-1536x763.png 1536w, https:\/\/www.radio-rum.de\/web\/wp-content\/uploads\/2023\/07\/rum_logo-750x373.png 750w, https:\/\/www.radio-rum.de\/web\/wp-content\/uploads\/2023\/07\/rum_logo.png 2000w\" sizes=\"auto, (max-width: 300px) 100vw, 300px\" \/>Freies Radio in Marburg<\/strong><br \/>\nSeit Mai 1994 gibt es die Initiative f\u00fcr Freies Radio, Radio Unerh\u00f6rt Marburg e.V. (RUM).<br \/>\nNach zwei kurzzeitigen Sendephasen f\u00fcr sogenannten Veranstaltungsfunk bekam RUM im Herbst 1996 eine dauerhafte Sendelizenz und ging am 05.04.1997 auf Sendung. Freies Radio hebt die Trennung zwischen professionellen RadiomacherInnen und passiven H\u00f6rerInnen auf: Wer etwas zu sagen hat, macht sein Programm selbst!<br \/>\nKnapp 400 Menschen unterst\u00fctzen RUM mit ihrer Mitgliedschaft. Etwa 150 Mitglieder &#8220;fahren&#8221; ihre Sendungen innerhalb einer Redaktion oder alleine. Dar\u00fcber hinaus unterst\u00fctzen 50 Gruppen, Vereine und Initiativen die Idee des Freien Radios. W\u00f6chentlich 70 bis 80 Stunden Live-Alternativprogramm setzen wir den etablierten Medien entgegen.<\/span><\/p>\n<p>Freies Radio ist nicht kommerziell: D.h. bei RUM gibt es keine Werbung \u00fcber den Sender.<\/p>\n<p><strong>Eigene Themen &#8211; Eigene Sprache<br \/>\n<\/strong>RUM ist ein Radio von und f\u00fcr Menschen, die in den bestehenden Medien nicht oder nur unzureichend zu Wort kommen. Wir wollen anderes anders und Neues neu h\u00f6rbar machen, um die Lust am H\u00f6ren wieder zu entdecken. Radio Unerh\u00f6rt Marburg will ein Medium sein, das den Austausch von Informationen und Meinungen f\u00f6rdert, die ansonsten in den Medien unterbleiben.<\/p>\n<p><strong>Freies Radio ist Einschaltradio!<br \/>\n<\/strong><img loading=\"lazy\" decoding=\"async\" class=\"alignright size-medium wp-image-201911\" src=\"https:\/\/www.radio-rum.de\/web\/wp-content\/uploads\/2023\/07\/piratenradio-297x300.gif\" alt=\"\" width=\"297\" height=\"300\" srcset=\"https:\/\/www.radio-rum.de\/web\/wp-content\/uploads\/2023\/07\/piratenradio-297x300.gif 297w, https:\/\/www.radio-rum.de\/web\/wp-content\/uploads\/2023\/07\/piratenradio-768x775.gif 768w, https:\/\/www.radio-rum.de\/web\/wp-content\/uploads\/2023\/07\/piratenradio-750x757.gif 750w\" sizes=\"auto, (max-width: 297px) 100vw, 297px\" \/>RUM ist nicht zum Bedudeln geeignet, sondern soll gezielt ein- (&#8230;und wieder aus-)geschaltet werden! Vom anspruchsvollen politischen Wortprogramm bis zur Technosendung sind der Vielfalt wenig Grenzen gesetzt.<br \/>\nDie Programmgestaltung \u00fcbernehmen die Sendungsmachenden (Redaktionen, Einzelpersonen, politische, kulturelle und soziale Gruppen aus Marburg und Umgebung). Welche Schwerpunkte es gibt, entscheidet Ihr! Aus Euren Sendungen entsteht ein ideen- und abwechslungsreiches Programm.<\/p>\n<p><strong>Offener Zugang<br \/>\n<\/strong>Freies Radio hat den Anspruch des offenen Zugangs f\u00fcr alle. Das kann allerdings nicht bedeuten, da\u00df beliebig alles \u00fcber den Sender verbreitet werden darf.<br \/>\nUnsere <a href=\"http:\/\/www.radio-rum.de\/web\/inhaltlich-redaktionelle-plattform\/\">inhaltlich-redaktionelle Plattform<\/a> formuliert die Grenzen der Offenheit: Wir richten uns gegen alle Tendenzen, die den Grunds\u00e4tzen der Toleranz, der Menschenw\u00fcrde, der Gleichberechtigung und der Selbstbestimmung widersprechen. Um die Unabh\u00e4ngigkeit des Freien Radios zu gew\u00e4hrleisten, sind Kirchen und Parteien von der Mitgliedschaft ausgeschlossen.<\/p>\n<p><strong>Mitgliederradio<br \/>\n<\/strong>Radio Unerh\u00f6rt Marburg ist basisdemokratisch und selbstverwaltet. Freies Radio ist kein Privateigentum, sondern geh\u00f6rt allen Mitgliedern. Wichtige Entscheidungen werden auf den Treffen der Redaktionen und des Radioplenums im Konsens getroffen. Vorbereitet und ausgef\u00fchrt werden diese Beschl\u00fcsse von den zahlreichen Redaktionen bzw. von verschiedenen Arbeitsgruppen (z.B. Technik, \u00d6ffentlichkeit und Finanzen).<br \/>\nDie redaktionelle Arbeit wird komplett ehrenamtlich geleistet, die wenigen Hauptamtlichen erf\u00fcllen organisatorische Aufgaben und sind an die Entscheidungen der Plena gebunden. Die aktiven Mitglieder organisieren sich in thematisch orientierten Redaktionen; z.B. die Fr\u00fchschicht -, Musik-, Nachrichten-, Kultur- und Jugendredaktion usw..<\/p>\n<p><strong>Moneten<br \/>\n<\/strong>Wie alle anderen freien Kulturtr\u00e4ger mu\u00df Radio Unerh\u00f6rt Marburg sich mit der leidigen Finanzierungsfrage besch\u00e4ftigen. Diese basiert auf drei S\u00e4ulen:<\/p>\n<ul>\n<li>Mitgliedsbeitr\u00e4ge: Je mehr Menschen sich mit einem kleinen Beitrag beteiligen, umso unabh\u00e4ngiger werden wir von anderen Geldquellen;<\/li>\n<li>Zusch\u00fcsse: von der Landesanstalt f\u00fcr Privaten Rundfunk, von Stiftungen und Projektfonds, von der Stadt Marburg;<\/li>\n<li>Spenden<\/li>\n<\/ul>\n<p>Die Finanzierung f\u00fcr ein unabh\u00e4ngiges und nichtkommerzielles Projekt ist m\u00f6glich: Das beweisen uns andere Freie Radios.<br \/>\n\u00dcbrigens: Radio Unerh\u00f6rt Marburg ist ein gemeinn\u00fctziger Verein! Spenden k\u00f6nnen also steuerlich geltend gemacht werden.<\/p>\n<p><strong>Mach mit&#8230;<br \/>\n<\/strong>&#8220;Ein gutes Projekt&#8221;, denkst du? Genau! &#8220;K\u00f6nntest Du unterst\u00fctzen?!&#8221; Stimmt!<\/p>\n<p>In unserem <a href=\"http:\/\/www.radio-rum.de\/web\/info-cafe\/\">Infocaf\u00e8<\/a> kannst Du Dich noch weiter \u00fcber unser Radio informieren.<br \/>\nWenn Du Dir schon sicher bist, da\u00df Du mitmachen willst, aber keine Ahnung vom Senden hast: Unser <a href=\"http:\/\/www.radio-rum.de\/web\/wochenendworkshop\/\">Einf\u00fchrungsworkshop f\u00fcr Einsteiger:innen<\/a> ist in der Regel am zweitem Wochenende im letzten Monat des Quartals. Schau aber am besten auf der Seite nach, f\u00fcr welche Daten du dich anmelden kannst.<\/p>\n<p>H\u00f6rt, Macht, Unterst\u00fctzt Freies Radio in Marburg!<\/p>\n<p><strong>English Version for the World Radio Day on Feb 13, 2020:<\/strong><\/p>\n<p>A community and non-commercial radio in Marburg<\/p>\n<p>In May 1994, the first initiative for the community Radio Unerh\u00f6rt Marburg (RUM) took off.\u00a0 After two brief radio programs, RUM got its first license from the LPR Hessen (a German regulatory body).\u00a0 In Autumn 1996, RUM got its license for broadcasting 24\/7 and went LIVE on April 5, 1997.\u00a0 On January 28, 2020, at about 11 am was our 200.000 radio hour.<\/p>\n<p>We have about 300 members who support RUM.\u00a0 The funding is provided by LPR Hessen, private donations, project funds and additional partners.<\/p>\n<p>In RUM program we have about 100 volunteers who produce their Radio shows.\u00a0 There are different music shows e.g. Jazz, Metal, Rock, Crossover, Classic, Pop and Indie.\u00a0 We also have Radio shows in other languages such as English, Italian, Spanish, Farsi and Kurdish.<\/p>\n<p>Since we started our radio broadcast in 1997 some of our radio shows are still been listened to.\u00a0 We also have exchange radio broadcasting with other Radio stations in Germany.\u00a0 Our LIVE radio programs could be listened for a week as a podcast on our website.\u00a0 Our broadcasters (volunteers) produce their Radio shows by themselves.\u00a0 Our 2 studios are accessible to the blinds.<\/p>\n<p>RUM is a turn-on radio, which is not suitable for permanent listening.\u00a0 You have to be decisive to switch it on and off in a targeted manner.\u00a0 The programs would go from political word program to Techno and Heavy Metal music programs.<\/p>\n<p>The Community Radio is a radio that is open for everyone.\u00a0 That does not mean that anything can be broadcasted via the radio.\u00a0 Any broadcast content that is against tolerance, human rights, equal rights and free self determination of all people is prohibited.\u00a0 Advertising is prohibited, too.<\/p>\n<p>RUM is a grass-roots democratic organisation and self-governing.\u00a0 Important decisions are made by consensus at the monthly plenary and at the yearly members meeting.\u00a0 The decisions are prepared by the editors and the various working groups (eg technics, PR, finance).<\/p>\n<p>RUM has also a staff of paid employees.\u00a0 They do not interfere with the program and do mainly organisational tasks, such as finance, PR and program coordination.<\/p>\n<p><b>Our exchange broadcast on World Radio Day is the show \u201cJazz-Zeit\u201d (Jazz-Time, in English).<\/b><\/p>\n<p>Jazz-Zeit has been a corner stone of RUM and has been part of RUM since the first event radio in 1995.\u00a0 Every Sunday evening, Jazz-Zeit airs for 2 hours or even 4 hours.\u00a0 Jazz-Zeit thematically goes around the globe and across all jazzy styles, and everything connected to Jazz.\u00a0 Its host Constantin kindly provides us with one hour of his most recent 4-hour show which took place on January 12, 2020.\u00a0 His topic was Jazz from Russia out of different perspectives.<\/p>\n<p>We have selected this show because Jazz-Zeit and the global Jazz scene lives from diversity and international interaction.\u00a0 We believe that Jazz and the respective radio show is a power in international cooperation and understanding.<\/p>\n","protected":false},"excerpt":{"rendered":"<p>Freies Radio in Marburg Seit Mai 1994 gibt es die Initiative f\u00fcr Freies Radio, Radio Unerh\u00f6rt Marburg e.V. (RUM). Nach zwei kurzzeitigen Sendephasen f\u00fcr sogenannten Veranstaltungsfunk bekam RUM im Herbst 1996 eine dauerhafte Sendelizenz und ging am 05.04.1997 auf Sendung. Freies Radio hebt die Trennung zwischen professionellen RadiomacherInnen und passiven H\u00f6rerInnen auf: Wer etwas zu &hellip; <\/p>\n<p><a class=\"more-link btn\" href=\"https:\/\/www.radio-rum.de\/web\/ueber-uns\/\">Weiterlesen<\/a><\/p>\n","protected":false},"author":1,"featured_media":0,"parent":0,"menu_order":0,"comment_status":"closed","ping_status":"closed","template":"","meta":{"footnotes":""},"class_list":["post-161","page","type-page","status-publish","hentry","nodate","item-wrap"],"publishpress_future_action":{"enabled":false,"date":"2026-05-06 08:47:46","action":"change-status","newStatus":"draft","terms":[],"taxonomy":"","extraData":[]},"publishpress_future_workflow_manual_trigger":{"enabledWorkflows":[]},"_links":{"self":[{"href":"https:\/\/www.radio-rum.de\/web\/wp-json\/wp\/v2\/pages\/161","targetHints":{"allow":["GET"]}}],"collection":[{"href":"https:\/\/www.radio-rum.de\/web\/wp-json\/wp\/v2\/pages"}],"about":[{"href":"https:\/\/www.radio-rum.de\/web\/wp-json\/wp\/v2\/types\/page"}],"author":[{"embeddable":true,"href":"https:\/\/www.radio-rum.de\/web\/wp-json\/wp\/v2\/users\/1"}],"replies":[{"embeddable":true,"href":"https:\/\/www.radio-rum.de\/web\/wp-json\/wp\/v2\/comments?post=161"}],"version-history":[{"count":3,"href":"https:\/\/www.radio-rum.de\/web\/wp-json\/wp\/v2\/pages\/161\/revisions"}],"predecessor-version":[{"id":218611,"href":"https:\/\/www.radio-rum.de\/web\/wp-json\/wp\/v2\/pages\/161\/revisions\/218611"}],"wp:attachment":[{"href":"https:\/\/www.radio-rum.de\/web\/wp-json\/wp\/v2\/media?parent=161"}],"curies":[{"name":"wp","href":"https:\/\/api.w.org\/{rel}","templated":true}]}}