{"id":165231,"date":"2023-07-22T07:51:03","date_gmt":"2023-07-22T05:51:03","guid":{"rendered":"https:\/\/radio-rum.de\/web\/?page_id=131"},"modified":"2025-11-13T19:50:24","modified_gmt":"2025-11-13T18:50:24","slug":"impressum","status":"publish","type":"page","link":"https:\/\/www.radio-rum.de\/web\/impressum\/","title":{"rendered":"Impressum"},"content":{"rendered":"<p><strong>Verantwortungsbereich:<\/strong><br \/>\nDas Impressum gilt nur f\u00fcr die Internetpr\u00e4senz unter der Adresse: <a href=\"https:\/\/www.radio-rum.de\/\" target=\"_blank\" rel=\"noopener noreferrer\">www.radio-rum.de<\/a>.<\/p>\n<p>Die Inhalte unserer Seiten wurden mit gr\u00f6\u00dfter Sorgfalt erstellt. F\u00fcr die Richtigkeit, Vollst\u00e4ndigkeit und Aktualit\u00e4t der Inhalte k\u00f6nnen wir jedoch keine Gew\u00e4hr \u00fcbernehmen. Als Diensteanbieter sind wir gem\u00e4\u00df \u00a7 6 Abs.1 MDStV und \u00a7 8 Abs.1 TDG f\u00fcr eigene Inhalte auf diesen Seiten nach den allgemeinen Gesetzen verantwortlich. Diensteanbieter sind jedoch nicht verpflichtet, die von ihnen \u00fcbermittelten oder gespeicherten fremden Informationen zu \u00fcberwachen oder nach Umst\u00e4nden zu forschen, die auf eine rechtswidrige T\u00e4tigkeit hinweisen. Verpflichtungen zur Entfernung oder Sperrung der Nutzung von Informationen nach den allgemeinen Gesetzen bleiben hiervon unber\u00fchrt. Eine diesbez\u00fcgliche Haftung ist jedoch erst ab dem Zeitpunkt der Kenntnis einer konkreten Rechtsverletzung m\u00f6glich. Bei bekannt werden von entsprechenden Rechtsverletzungen werden wir diese Inhalte umgehend entfernen.<\/p>\n<p>F\u00fcr die jeweiligen Textbeitr\u00e4ge und Textbebilderungen sind die einzelnen Redaktionen\/RedakteurInnen verantwortlich.<\/p>\n<p>Namentlich gekennzeichnete Texte geben nicht unbedingt die Meinung von <em>Radio Unerh\u00f6rt Marburg e.V.<\/em>, bzw. der jeweiligen Redaktion wieder. Dies gilt insbesondere f\u00fcr Textbeitr\u00e4ge bzw. Webseiten \u00fcber einzelne Sendungen.<\/p>\n<p><strong>Podcast:<\/strong><br \/>\nRadio Unerh\u00f6rt Marburg e.V. stellt eine Auswahl aus seinem Programm kostenlos als Download\/Streaming zur ausschlie\u00dflich privaten Nutzung zur Verf\u00fcgung. Die geladene Datei darf nicht ver\u00e4ndert werden.<br \/>\nJede kommerzielle Nutzung, insbesondere der Verkauf oder die Verwendung zu Werbezwecken, ist untersagt.<\/p>\n<p>Vervielf\u00e4ltigungen eines Werkes aus der GEMA Datenbank f\u00fcr das <strong>Text und Data Mining und damit insbesondere f\u00fcr das Training einer K\u00fcnstlichen Intelligenz bleiben ausdr\u00fccklich vorbehalten<\/strong> (\u00a7\u00a044b Abs.\u00a03 UrhG).\u00a0<a href=\"https:\/\/www.gema.de\/documents\/d\/guest\/tdm-vorbehaltserklaerung-2023-12-pdf\" target=\"_blank\" rel=\"noopener noreferrer\">Klicken Sie hier f\u00fcr weitere Informationen und Kontaktm\u00f6glichkeiten<\/a> zum Thema Text und Data Mining Vorbehalt.<\/p>\n<p><strong><br \/>\nUrheberrecht:<\/strong><br \/>\nWir sind bem\u00fcht, stets die Urheberrechte anderer zu beachten bzw. auf selbst erstellte sowie lizenzfreie Werke zur\u00fcckzugreifen.<\/p>\n<p>Alle durch uns erstellten Inhalte und Werke auf diesen Seiten unterliegen dem deutschen Urheberrecht. Beitr\u00e4ge Dritter sind als solche gekennzeichnet. Die Vervielf\u00e4ltigung, Bearbeitung, Verbreitung und jede Art der Verwertung au\u00dferhalb der Grenzen des Urheberrechtes bed\u00fcrfen der schriftlichen Zustimmung des jeweiligen Autors bzw. Erstellers. Downloads und Kopien dieser Seite sind nur f\u00fcr den privaten, nicht kommerziellen Gebrauch gestattet.<\/p>\n<p>Abbildungen von Personen unterliegen dem Recht am eigenem Bild gem\u00e4\u00df \u00a7 22 KUG. Jede Art der Weiterverwendung bzw. Weiterverbreitung bedarf der schriftlichen Genehmigung des Autors\/der Autorin bzw. der dargestellten Person(en).<br \/>\nKommentare und G\u00e4stebucheintr\u00e4ge:<br \/>\nAuf den Internetseiten von Radio Unerh\u00f6rt Marburg kann jede Nutzerin\/jeder Nutzer Kommentare zu von uns entsprechend ausgew\u00e4hlten Artikeln schreiben, die unmittelbar ver\u00f6ffentlicht werden. Ebenso ist es jeder Nutzerin\/jedem Nutzer m\u00f6glich, im G\u00e4stebuch Eintr\u00e4ge zu verfassen.<br \/>\nDie Ver\u00f6ffentlichung von Kommentaren und G\u00e4stebucheintr\u00e4gen Dritter auf <a href=\"https:\/\/www.radio-rum.de\/\" target=\"_blank\" rel=\"noopener noreferrer\">radio-rum.de<\/a> stellt keine Meinungs\u00e4u\u00dferung oder Identifikation von Radio Unerh\u00f6rt Marburg mit diesen Inhalten dar. Die VerfasserInnen verpflichten sich, keine Kommentare mit pornografischen, gewaltverherrlichenden, rassistischen, bedrohenden oder anderen sitten- oder rechtswidrigen Inhalten zu verfassen oder welche geeignet sind, andere zu beleidigen, verleumden oder in Mi\u00dfkredit zu bringen.<br \/>\nRadio Unerh\u00f6rt Marburg hat das Recht, ohne vorherige Ank\u00fcndigung und Begr\u00fcndung, Kommentare\/G\u00e4stebucheintr\u00e4ge zu l\u00f6schen oder zu bearbeiten.<\/p>\n<p><strong><br \/>\nAbgrenzung:<\/strong><br \/>\nDie Web-Pr\u00e4senz ist Teil des WWW und dementsprechend mit fremden, sich jederzeit wandeln k\u00f6nnenden Web-Sites verkn\u00fcpft, die folglich auch nicht diesem Verantwortungsbereich unterliegen und die somit nicht in den Geltungsbereich dieses Impressums fallen. Dass die Links weder gegen Sitten noch Gesetze versto\u00dfen, wurde ein Mal gepr\u00fcft: bevor sie hier aufgenommen wurden. Solche Links, die zu fremden Webprojekten f\u00fchren, sind daran zu erkennen, dass sich bei Links auf fremde Webseiten ein neues Browserfenster \u00f6ffnet.<br \/>\nDatenschutz:<br \/>\nGem\u00e4\u00df \u00a7 28 BDSG widersprechen wir jeder kommerziellen Verwendung und jeder sonstigen Weitergabe und anderweitigen Ver\u00f6ffentlichung der untenstehenden- und in allen anderen Bereichen unserer Internet-Pr\u00e4senz befindlichen Kontaktdaten.<\/p>\n<p>Soweit auf unseren Seiten personenbezogene Daten (beispielsweise Name, Anschrift oder eMail-Adressen) erhoben werden, erfolgt dies soweit m\u00f6glich stets auf freiwilliger Basis. Die Nutzung der Angebote und Dienste ist, soweit m\u00f6glich, stets ohne Angabe personenbezogener Daten m\u00f6glich.<\/p>\n<p><strong>Anbieter:<\/strong><br \/>\nRadio Unerh\u00f6rt Marburg e.V.<br \/>\nRudolf-Bultmann-Stra\u00dfe 2b<br \/>\n35039 Marburg<br \/>\nTelefon: 06421 683265<br \/>\nTelefax: 06421 961995<br \/>\nE-Mail: <a href=\"mailto:mail@radio-rum.de\">mail@radio-rum.de<\/a><\/p>\n<p><strong>Vertretungsberechtigter Vorstand:<\/strong><br \/>\nP. Caracciolo, D. Viduvich, H. Kurz<\/p>\n<p><strong>Registergericht:<\/strong> Amtsgericht Marburg<br \/>\n<strong>Registernummer:<\/strong> 16 VR 1697<\/p>\n<p><strong>Technische Betreuung der Webseite und inhaltlich Verantwortlicher gem\u00e4\u00df <b>\u00a7 18 Abs. 2 MStV<\/b>:<br \/>\n<\/strong>Gregor B\u00f6rner (Anschrift wie oben)<br \/>\nE-Mail: <a href=\"mailto:webmaster@radio-rum.de\">webmaster@radio-rum.de<\/a><\/p>\n<p><strong>Zust\u00e4ndige Aufsichtsbeh\u00f6rde:<\/strong><br \/>\nMedienanstalt Hessen<br \/>\nWilhelmsh\u00f6her Allee 262<br \/>\n34131 Kassel<br \/>\nTelefon: 0561 93586-0<br \/>\nTelefax: 0561 93586-30<br \/>\nE-Mail: info(at)medienanstalt-hessen(dot)de<br \/>\nInternet: <a href=\"http:\/\/www.lpr-hessen.de\/\" target=\"_blank\" rel=\"noopener noreferrer\">https:\/\/www.medienanstalt-hessen.de\/<\/a><\/p>\n<p><strong>Internet-Providing:<\/strong><br \/>\n<a href=\"http:\/\/www.hostserver.de\/\" target=\"_blank\" rel=\"noopener noreferrer\">Hostserver GmbH<\/a> &#8211; Innovative L\u00f6sungen und kompetenter Support f\u00fcr Agenturen und Unternehmen<\/p>\n","protected":false},"excerpt":{"rendered":"<p>Verantwortungsbereich: Das Impressum gilt nur f\u00fcr die Internetpr\u00e4senz unter der Adresse: www.radio-rum.de. Die Inhalte unserer Seiten wurden mit gr\u00f6\u00dfter Sorgfalt erstellt. F\u00fcr die Richtigkeit, Vollst\u00e4ndigkeit und Aktualit\u00e4t der Inhalte k\u00f6nnen wir jedoch keine Gew\u00e4hr \u00fcbernehmen. Als Diensteanbieter sind wir gem\u00e4\u00df \u00a7 6 Abs.1 MDStV und \u00a7 8 Abs.1 TDG f\u00fcr eigene Inhalte auf diesen Seiten &hellip; <\/p>\n<p><a class=\"more-link btn\" href=\"https:\/\/www.radio-rum.de\/web\/impressum\/\">Weiterlesen<\/a><\/p>\n","protected":false},"author":1,"featured_media":0,"parent":0,"menu_order":0,"comment_status":"closed","ping_status":"closed","template":"","meta":{"footnotes":""},"class_list":["post-165231","page","type-page","status-publish","hentry","nodate","item-wrap"],"publishpress_future_action":{"enabled":false,"date":"2026-04-15 15:37:29","action":"change-status","newStatus":"draft","terms":[],"taxonomy":"","extraData":[]},"publishpress_future_workflow_manual_trigger":{"enabledWorkflows":[]},"_links":{"self":[{"href":"https:\/\/www.radio-rum.de\/web\/wp-json\/wp\/v2\/pages\/165231","targetHints":{"allow":["GET"]}}],"collection":[{"href":"https:\/\/www.radio-rum.de\/web\/wp-json\/wp\/v2\/pages"}],"about":[{"href":"https:\/\/www.radio-rum.de\/web\/wp-json\/wp\/v2\/types\/page"}],"author":[{"embeddable":true,"href":"https:\/\/www.radio-rum.de\/web\/wp-json\/wp\/v2\/users\/1"}],"replies":[{"embeddable":true,"href":"https:\/\/www.radio-rum.de\/web\/wp-json\/wp\/v2\/comments?post=165231"}],"version-history":[{"count":6,"href":"https:\/\/www.radio-rum.de\/web\/wp-json\/wp\/v2\/pages\/165231\/revisions"}],"predecessor-version":[{"id":249921,"href":"https:\/\/www.radio-rum.de\/web\/wp-json\/wp\/v2\/pages\/165231\/revisions\/249921"}],"wp:attachment":[{"href":"https:\/\/www.radio-rum.de\/web\/wp-json\/wp\/v2\/media?parent=165231"}],"curies":[{"name":"wp","href":"https:\/\/api.w.org\/{rel}","templated":true}]}}