{"id":198441,"date":"2023-07-23T13:21:54","date_gmt":"2023-07-23T11:21:54","guid":{"rendered":"https:\/\/www.radio-rum.de\/web\/?page_id=198441"},"modified":"2023-07-23T13:21:54","modified_gmt":"2023-07-23T11:21:54","slug":"fsj-radio-programmkoordination","status":"publish","type":"page","link":"https:\/\/www.radio-rum.de\/web\/fsj-radio-programmkoordination\/","title":{"rendered":"FSJ: Radio Programmkoordination"},"content":{"rendered":"<h3>Radio Programmkoordination (2021\/2022)<\/h3>\n<div id=\"department-18390\" class=\"datacard\">\n<table>\n<tbody>\n<tr>\n<td class=\"label\"><strong><label>Bereiche:<\/label><\/strong><\/td>\n<td class=\"value\">Internet \/ Web 2.0, Journalismus, B\u00fcrgermedien\/ Radio<\/td>\n<\/tr>\n<tr>\n<td class=\"label\"><strong><label>T\u00e4tigkeiten:<\/label><\/strong><\/td>\n<td class=\"value\">Presse- und \u00d6ffentlichkeitsarbeit, K\u00fcnstlerische \/ kreative Gestaltung, Bu\u0308ro- und Verwaltungst\u00e4tigkeiten<\/td>\n<\/tr>\n<tr>\n<td><strong>Aufgaben:<\/strong><\/td>\n<td>Hauptbereich dieser Stelle, sind alle Aufgaben rund um unser Radioprogramm. Diese teilen sich in die Bereiche Programmkoordination und Programmheft auf.<br \/>\nF\u00fcr die Programmkoordination bearbeitest du Sendeplatzantr\u00e4ge, erstellst den Sendeplan, und vermittelst zwischen den Redaktionen. Inhaltliche Auseinandersetzungen finden jedoch in einem Radiogremium statt.<br \/>\nUnser Programm pr\u00e4sentieren wir auch in einem monatlich erscheinendem Programmheft, das in Marburg ausliegt. Die Erstellung dieses Heftes w\u00fcrde ebenfalls in deinem Aufgabenbereich liegen. Die Text sollten hier von den Sendungsmachenden kommen, wobei es aber auch m\u00f6glich ist eigene Text zu verfassen oder in Zusammenarbeit mit der anderen FSJ-Stelle den Platz zu f\u00fcllen.<br \/>\nDar\u00fcberhinaus kannst du dich in die weitere \u00d6ffentlichkeitsarbeit einbringen, indem du z.B.: Pressemitteilungen erstellst, Infost\u00e4nde betreust, Werbeartikel designen.<br \/>\nUnsere Freiwilligen \u00fcbernehmen auch B\u00fcro- und Servicet\u00e4tigkeiten. Dazu z\u00e4hlen zum Beispiel Telefondienst und das Sortieren von Mails, aber auch Archivierungsaufgaben.<br \/>\nDu kannst auch Radiof\u00fchrungen leiten. Oft sind es Schulklassen, denen du das Funkhaus und freies Radio zeigst.<\/td>\n<\/tr>\n<tr>\n<td class=\"label\"><strong>Chancen:<\/strong><\/td>\n<td class=\"value\">Bei uns hast du die M\u00f6glichkeit, selbstorganisiert zu arbeiten. Wir sind basisdemokratisch und bringen unseren Freiwilligen viel Vertrauen entgegen, deshalb hast du Mitspracherecht bei Entscheidungen des Radios und \u00fcbernimmst viel Verantwortung. Du wirst von Anfang an voll eingebunden und wirkst sp\u00e4ter an den Bewerbungsgespr\u00e4chen f\u00fcr den folgenden FSJ-Jahrgang mit.<br \/>\nDu besuchst einen Einf\u00fchrungsworkshop ins Radiomachen und hast die M\u00f6glichkeit, in Sendungsredaktionen einzusteigen oder eine eigene Sendung zu fahren.<br \/>\nDu hast bei uns die M\u00f6glichkeit, deine kommunikativen F\u00e4higkeiten, sowie deine F\u00e4higkeiten im Umgang mit Medien des Web 2.0 und sozialer Medien, auszubauen.<br \/>\nWir nehmen unsere Freiwilligen ernst und bieten die M\u00f6glichkeit, vieles auszuprobieren.<\/td>\n<\/tr>\n<tr>\n<td><strong>Sonstiges:<\/strong><\/td>\n<td>Radio Unerh\u00f6rt Marburg bietet zwei Freiwilligen die M\u00f6glichkeit, ein FSJ Kultur zu absolvieren.<br \/>\nDiese teilen sich nicht nur ein B\u00fcro, sondern haben auch die M\u00f6glichkeit, gemeinsam Projekte und Aktionen zu erarbeiten.<br \/>\nDie Aufgaben f\u00fcr die einzelnen Stellen k\u00f6nnen getauscht und geteilt werden, du kannst also mit der Person am Nachbarschreibtisch auch \u00fcber gewisse Aufgaben verhandeln.&nbsp;<\/p>\n<p>Wir k\u00f6nnen Wohnraum nicht zur Verf\u00fcgung stellen, aber bei der Suche unterst\u00fctzen.<\/td>\n<\/tr>\n<\/tbody>\n<\/table>\n<\/div>\n","protected":false},"excerpt":{"rendered":"<p>Radio Programmkoordination (2021\/2022) Bereiche: Internet \/ Web 2.0, Journalismus, B\u00fcrgermedien\/ Radio T\u00e4tigkeiten: Presse- und \u00d6ffentlichkeitsarbeit, K\u00fcnstlerische \/ kreative Gestaltung, Bu\u0308ro- und Verwaltungst\u00e4tigkeiten Aufgaben: Hauptbereich dieser Stelle, sind alle Aufgaben rund um unser Radioprogramm. Diese teilen sich in die Bereiche Programmkoordination und Programmheft auf. F\u00fcr die Programmkoordination bearbeitest du Sendeplatzantr\u00e4ge, erstellst den Sendeplan, und vermittelst zwischen &hellip; <\/p>\n<p><a class=\"more-link btn\" href=\"https:\/\/www.radio-rum.de\/web\/fsj-radio-programmkoordination\/\">Weiterlesen<\/a><\/p>\n","protected":false},"author":1,"featured_media":0,"parent":0,"menu_order":0,"comment_status":"closed","ping_status":"closed","template":"","meta":{"footnotes":""},"class_list":["post-198441","page","type-page","status-publish","hentry","nodate","item-wrap"],"publishpress_future_action":{"enabled":false,"date":"2026-05-09 17:41:50","action":"change-status","newStatus":"draft","terms":[],"taxonomy":"","extraData":[]},"publishpress_future_workflow_manual_trigger":{"enabledWorkflows":[]},"_links":{"self":[{"href":"https:\/\/www.radio-rum.de\/web\/wp-json\/wp\/v2\/pages\/198441","targetHints":{"allow":["GET"]}}],"collection":[{"href":"https:\/\/www.radio-rum.de\/web\/wp-json\/wp\/v2\/pages"}],"about":[{"href":"https:\/\/www.radio-rum.de\/web\/wp-json\/wp\/v2\/types\/page"}],"author":[{"embeddable":true,"href":"https:\/\/www.radio-rum.de\/web\/wp-json\/wp\/v2\/users\/1"}],"replies":[{"embeddable":true,"href":"https:\/\/www.radio-rum.de\/web\/wp-json\/wp\/v2\/comments?post=198441"}],"version-history":[{"count":1,"href":"https:\/\/www.radio-rum.de\/web\/wp-json\/wp\/v2\/pages\/198441\/revisions"}],"predecessor-version":[{"id":198451,"href":"https:\/\/www.radio-rum.de\/web\/wp-json\/wp\/v2\/pages\/198441\/revisions\/198451"}],"wp:attachment":[{"href":"https:\/\/www.radio-rum.de\/web\/wp-json\/wp\/v2\/media?parent=198441"}],"curies":[{"name":"wp","href":"https:\/\/api.w.org\/{rel}","templated":true}]}}