{"id":198551,"date":"2023-07-23T13:25:26","date_gmt":"2023-07-23T11:25:26","guid":{"rendered":"https:\/\/www.radio-rum.de\/web\/?page_id=198551"},"modified":"2023-07-23T13:28:16","modified_gmt":"2023-07-23T11:28:16","slug":"workshops-praktika","status":"publish","type":"page","link":"https:\/\/www.radio-rum.de\/web\/workshops-praktika\/","title":{"rendered":"Workshops &#038; Praktika"},"content":{"rendered":"<p><img loading=\"lazy\" decoding=\"async\" class=\"aligncenter size-full wp-image-198561\" src=\"https:\/\/www.radio-rum.de\/web\/wp-content\/uploads\/2023\/07\/Workshop-1.jpg\" alt=\"\" width=\"1917\" height=\"762\" \/>RUM bietet au\u00dfer dem Einf\u00fchrungsworkshop ins Radiomachen auch andere Workshops an, die f\u00fcr Sendungmachende und andere interessierte Personen offen sind. Beispielsweise L\u00f6ten, Moderationstraining, Synth-Workshops, Studiotechnik 101.<\/p>\n<ul>\n<li><a href=\"https:\/\/www.radio-rum.de\/web\/info-cafe\/\">Info-Cafe<\/a><\/li>\n<li><a href=\"https:\/\/www.radio-rum.de\/web\/wochenendworkshop-einfuehrung-ins-radiomachen\/\">Wochenendworkshop: Einf\u00fchrung ins Radiomachen<\/a><\/li>\n<li><a href=\"https:\/\/www.radio-rum.de\/web\/podcastworkshop\/\">Podcastworkshop<\/a><\/li>\n<li><a href=\"https:\/\/www.radio-rum.de\/web\/fsj-kultur\/\">FSJ-Kultur<\/a><\/li>\n<li><a href=\"https:\/\/www.radio-rum.de\/web\/redaktionelles-praktikum\/\">Redaktionelles Praktikum<\/a><\/li>\n<li><a href=\"https:\/\/www.radio-rum.de\/web\/schulklassenfuehrung\/\">Schulklassenf\u00fchrung<\/a><\/li>\n<\/ul>\n","protected":false},"excerpt":{"rendered":"<p>RUM bietet au\u00dfer dem Einf\u00fchrungsworkshop ins Radiomachen auch andere Workshops an, die f\u00fcr Sendungmachende und andere interessierte Personen offen sind. Beispielsweise L\u00f6ten, Moderationstraining, Synth-Workshops, Studiotechnik 101. Info-Cafe Wochenendworkshop: Einf\u00fchrung ins Radiomachen Podcastworkshop FSJ-Kultur Redaktionelles Praktikum Schulklassenf\u00fchrung<\/p>\n","protected":false},"author":1,"featured_media":0,"parent":0,"menu_order":0,"comment_status":"closed","ping_status":"closed","template":"","meta":{"footnotes":""},"class_list":["post-198551","page","type-page","status-publish","hentry","nodate","item-wrap"],"publishpress_future_action":{"enabled":false,"date":"2026-05-06 07:49:30","action":"change-status","newStatus":"draft","terms":[],"taxonomy":"","extraData":[]},"publishpress_future_workflow_manual_trigger":{"enabledWorkflows":[]},"_links":{"self":[{"href":"https:\/\/www.radio-rum.de\/web\/wp-json\/wp\/v2\/pages\/198551","targetHints":{"allow":["GET"]}}],"collection":[{"href":"https:\/\/www.radio-rum.de\/web\/wp-json\/wp\/v2\/pages"}],"about":[{"href":"https:\/\/www.radio-rum.de\/web\/wp-json\/wp\/v2\/types\/page"}],"author":[{"embeddable":true,"href":"https:\/\/www.radio-rum.de\/web\/wp-json\/wp\/v2\/users\/1"}],"replies":[{"embeddable":true,"href":"https:\/\/www.radio-rum.de\/web\/wp-json\/wp\/v2\/comments?post=198551"}],"version-history":[{"count":4,"href":"https:\/\/www.radio-rum.de\/web\/wp-json\/wp\/v2\/pages\/198551\/revisions"}],"predecessor-version":[{"id":198671,"href":"https:\/\/www.radio-rum.de\/web\/wp-json\/wp\/v2\/pages\/198551\/revisions\/198671"}],"wp:attachment":[{"href":"https:\/\/www.radio-rum.de\/web\/wp-json\/wp\/v2\/media?parent=198551"}],"curies":[{"name":"wp","href":"https:\/\/api.w.org\/{rel}","templated":true}]}}