{"id":701,"date":"2023-07-22T09:13:29","date_gmt":"2023-07-22T07:13:29","guid":{"rendered":"https:\/\/www.radio-rum.de\/web\/?page_id=701"},"modified":"2024-01-12T08:48:54","modified_gmt":"2024-01-12T07:48:54","slug":"subscribe","status":"publish","type":"page","link":"https:\/\/www.radio-rum.de\/web\/subscribe\/","title":{"rendered":"Podcast abonnieren"},"content":{"rendered":"<div id=\"attachment_213671\" style=\"width: 300px\" class=\"wp-caption alignright\"><img loading=\"lazy\" decoding=\"async\" aria-describedby=\"caption-attachment-213671\" class=\"size-medium wp-image-213671\" src=\"https:\/\/www.radio-rum.de\/web\/wp-content\/uploads\/2024\/01\/podcastlogo-rum_lahn-300x300.jpg\" alt=\"\" width=\"300\" height=\"300\" srcset=\"https:\/\/www.radio-rum.de\/web\/wp-content\/uploads\/2024\/01\/podcastlogo-rum_lahn-300x300.jpg 300w, https:\/\/www.radio-rum.de\/web\/wp-content\/uploads\/2024\/01\/podcastlogo-rum_lahn-1024x1024.jpg 1024w, https:\/\/www.radio-rum.de\/web\/wp-content\/uploads\/2024\/01\/podcastlogo-rum_lahn-150x150.jpg 150w, https:\/\/www.radio-rum.de\/web\/wp-content\/uploads\/2024\/01\/podcastlogo-rum_lahn-768x768.jpg 768w, https:\/\/www.radio-rum.de\/web\/wp-content\/uploads\/2024\/01\/podcastlogo-rum_lahn-1536x1536.jpg 1536w, https:\/\/www.radio-rum.de\/web\/wp-content\/uploads\/2024\/01\/podcastlogo-rum_lahn-2048x2048.jpg 2048w, https:\/\/www.radio-rum.de\/web\/wp-content\/uploads\/2024\/01\/podcastlogo-rum_lahn-750x750.jpg 750w\" sizes=\"auto, (max-width: 300px) 100vw, 300px\" \/><p id=\"caption-attachment-213671\" class=\"wp-caption-text\">Foto Marburg: <a href=\"https:\/\/commons.wikimedia.org\/wiki\/File:Marburg_asv2022-02_img32_Am_Gr\u00fcn.jpg?uselang=de\" target=\"_blank\" rel=\"noopener\">A.Savin, Wikipedia<\/a><\/p><\/div>\n<p>Einige unserer Sendungen gibt es auch als Podcast. Zum einen k\u00f6nnen Sendungen auf unserer Internetseite nachgeh\u00f6rt werden, aber sie k\u00f6nnen auch abonniert werden.<\/p>\n<p style=\"padding-left: 40px;\"><strong>Hinweis:<\/strong> Aus rechtlichen Gr\u00fcnden d\u00fcrfen wir Sendungen, nach Ausstrahlung, nur 7 Tage online stellen!<\/p>\n<p>Du kannst hier alle unsere Sendungen als Podcast abonnieren.<\/p>\n<p style=\"padding-left: 40px;\"><strong>Tipp:<\/strong> Um nur einzelne Sendungen als Podcast zu abonnieren, klicke bitte auf den &#8220;Abonnieren&#8221;-Button auf der <a href=\"https:\/\/www.radio-rum.de\/web\/podcasts\/\">Podcast\u00fcbersicht<\/a>.<\/p>\n<p>Podcasts abonnieren ist kostenlos. \u00c4hnlich wie bei einem Newsletter bekommt man so die neusten Folgen ganz automatisch heruntergeladen. Es gibt spezielle Smartphone-Apps mit denen man Podcasts abonnieren und h\u00f6ren kann. Nach dem automatisierten herunterladen, k\u00f6nnen Sendungen auch nach 7 Tagen noch geh\u00f6rt werden. Zum abonnieren gibt es mehrere M\u00f6glichkeiten.<\/p>\n<h3>Podcast abonnieren mit dem Abonnieren-Button<\/h3>\n<p>In den meisten F\u00e4llen hilft dieser Button weiter. Er zeigt Smartphone-Apps an mit denen Podcasts abonniert werden k\u00f6nnen. Hat man noch keine App auf dem Smartphone kann man sich diese auch direkt herunterladen. Der Button funktioniert mit Apple iOS und Android.<\/p>\n<p style=\"text-align: center;\">\n<script>window.podcastData8cbc2e781519a3 = {\"title\":\"Radio Unerh\\u00f6rt Marburg\",\"subtitle\":\"Freies Radio f\\u00fcr Marburg auf 90,1 MHz\",\"description\":\"Sendungen aus dem Radioprogramm von Radio Unerh\\u00f6rt Marburg.\\r\\n\\r\\nAus rechtlichen Gr\\u00fcnden stehen Podcasts nur 7 Tage ab Ausstrahlung zur Verf\\u00fcgung.\",\"cover\":\"https:\\\/\\\/www.radio-rum.de\\\/web\\\/podlove\\\/image\\\/68747470733a2f2f7777772e726164696f2d72756d2e64652f7765622f77702d636f6e74656e742f75706c6f6164732f323032342f30312f706f64636173746c6f676f2d72756d5f6c61686e2e6a7067\\\/400\\\/0\\\/0\\\/radio-unerhoert-marburg\",\"feeds\":[{\"type\":\"audio\",\"format\":\"mp3\",\"url\":\"https:\\\/\\\/www.radio-rum.de\\\/web\\\/feed\\\/mp3\\\/\",\"variant\":\"high\",\"directory-url-itunes\":\"https:\\\/\\\/podcasts.apple.com\\\/podcast\\\/id1441947321\"}]};<\/script>\n<script class=\"podlove-subscribe-button\" src=\"https:\/\/www.radio-rum.de\/web\/wp-content\/plugins\/podlove-podcasting-plugin-for-wordpress\/lib\/modules\/subscribe_button\/dist\/javascripts\/app.js\" data-json-data=\"podcastData8cbc2e781519a3\" data-language=\"de\" data-size=\"big\" data-format=\"cover\" data-style=\"filled\" data-color=\"#75ad91\"> <\/script>\n\n<hr \/>\n<h3>den Podcast bei iTunes abonnieren<\/h3>\n<p>Dieser Podcast ist nat\u00fcrlich auch bei iTunes, dem Podcastverzeichnis von Apple gelistet. Wer mit dem iPhone unterwegs ist sollte hier den Podcast abonnieren k\u00f6nnen.<\/p>\n<p><a href=\"https:\/\/podcasts.apple.com\/de\/podcast\/radio-unerh%C3%B6rt-marburg\/id1441947321\" target=\"_blank\" rel=\"noopener\"><img loading=\"lazy\" decoding=\"async\" class=\"aligncenter size-full wp-image-711\" src=\"https:\/\/www.radio-rum.de\/web\/wp-content\/uploads\/2023\/07\/itunes-subscribe-german.png\" alt=\"\" width=\"110\" height=\"40\" \/><\/a><\/p>\n<p>\u00dcbrigens: Im iTunes-Podcastverzeichnis kann man auch immer eine Bewertung oder ein paar Sternchen da lassen, das hilft dann anderen um auf diesen Podcast aufmerksam zu werden.<\/p>\n<hr \/>\n<h3>Podcast abonnieren\u00a0mit anderen Podcast Clients<\/h3>\n<p>Andere Podcasts-Clients haben h\u00e4ufig einige Verzeichnisse in denen man Podcasts suchen kann, da diese h\u00e4ufig im iTunes-Podcastverzeichnis suchen sollte man Langsamfahrt dort finden. Manche Podcast-Clients fragen aber auch nach der Feed-Adresse, diese kannst du hier kopieren:<\/p>\n<pre>https:\/\/www.radio-rum.de\/web\/feed\/mp3\/<\/pre>\n","protected":false},"excerpt":{"rendered":"<p>Einige unserer Sendungen gibt es auch als Podcast. Zum einen k\u00f6nnen Sendungen auf unserer Internetseite nachgeh\u00f6rt werden, aber sie k\u00f6nnen auch abonniert werden. Hinweis: Aus rechtlichen Gr\u00fcnden d\u00fcrfen wir Sendungen, nach Ausstrahlung, nur 7 Tage online stellen! Du kannst hier alle unsere Sendungen als Podcast abonnieren. Tipp: Um nur einzelne Sendungen als Podcast zu abonnieren, &hellip; <\/p>\n<p><a class=\"more-link btn\" href=\"https:\/\/www.radio-rum.de\/web\/subscribe\/\">Weiterlesen<\/a><\/p>\n","protected":false},"author":1,"featured_media":0,"parent":0,"menu_order":0,"comment_status":"closed","ping_status":"closed","template":"","meta":{"footnotes":""},"class_list":["post-701","page","type-page","status-publish","hentry","nodate","item-wrap"],"publishpress_future_action":{"enabled":false,"date":"2026-05-12 10:39:03","action":"change-status","newStatus":"draft","terms":[],"taxonomy":"","extraData":[]},"publishpress_future_workflow_manual_trigger":{"enabledWorkflows":[]},"_links":{"self":[{"href":"https:\/\/www.radio-rum.de\/web\/wp-json\/wp\/v2\/pages\/701","targetHints":{"allow":["GET"]}}],"collection":[{"href":"https:\/\/www.radio-rum.de\/web\/wp-json\/wp\/v2\/pages"}],"about":[{"href":"https:\/\/www.radio-rum.de\/web\/wp-json\/wp\/v2\/types\/page"}],"author":[{"embeddable":true,"href":"https:\/\/www.radio-rum.de\/web\/wp-json\/wp\/v2\/users\/1"}],"replies":[{"embeddable":true,"href":"https:\/\/www.radio-rum.de\/web\/wp-json\/wp\/v2\/comments?post=701"}],"version-history":[{"count":7,"href":"https:\/\/www.radio-rum.de\/web\/wp-json\/wp\/v2\/pages\/701\/revisions"}],"predecessor-version":[{"id":213691,"href":"https:\/\/www.radio-rum.de\/web\/wp-json\/wp\/v2\/pages\/701\/revisions\/213691"}],"wp:attachment":[{"href":"https:\/\/www.radio-rum.de\/web\/wp-json\/wp\/v2\/media?parent=701"}],"curies":[{"name":"wp","href":"https:\/\/api.w.org\/{rel}","templated":true}]}}