{"id":761,"date":"2023-07-22T09:26:25","date_gmt":"2023-07-22T07:26:25","guid":{"rendered":"https:\/\/www.radio-rum.de\/web\/?page_id=761"},"modified":"2024-01-31T14:56:46","modified_gmt":"2024-01-31T13:56:46","slug":"programm","status":"publish","type":"page","link":"https:\/\/www.radio-rum.de\/web\/programm\/","title":{"rendered":"Programm"},"content":{"rendered":"<p>Hier findet ihr unser Programm in der Wochen\u00fcbersicht.<br \/>\nL\u00fccken im Kalendar sind offene Sendepl\u00e4tze die von euch belegt werden k\u00f6nnen und ansonsten vom <a href=\"https:\/\/www.radio-rum.de\/web\/endlosbaender\/\">Endlosband<\/a> gef\u00fcllt werden.<\/p>\n<p style=\"padding-left: 40px;\">Einfach einen <a href=\"https:\/\/www.radio-rum.de\/web\/sendeplatzantrag\/\">Sendeplatzantrag<\/a> ausf\u00fcllen.<\/p>\n<hr \/>\n<div class=\"r34ics-ajax-container loading\" id=\"r69f204e07a8415b\" data-args=\"{&quot;ajax&quot;:&quot;1&quot;,&quot;arrayonly&quot;:null,&quot;attach&quot;:&quot;false&quot;,&quot;basicauth&quot;:&quot;0&quot;,&quot;color&quot;:&quot;#f07c00|#e39e73&quot;,&quot;columnlabels&quot;:&quot;short&quot;,&quot;combinemultiday&quot;:&quot;0&quot;,&quot;compact&quot;:&quot;desktop&quot;,&quot;count&quot;:0,&quot;curlopts&quot;:&quot;&quot;,&quot;currentweek&quot;:false,&quot;customoptions&quot;:[&quot;&quot;],&quot;debug&quot;:&quot;0&quot;,&quot;description&quot;:true,&quot;eventdesc&quot;:&quot;1&quot;,&quot;eventdl&quot;:&quot;0&quot;,&quot;eventlocaltime&quot;:&quot;0&quot;,&quot;extendmultiday&quot;:&quot;0&quot;,&quot;feedlabel&quot;:&quot;Livesendung|Wiederholung&quot;,&quot;feedlabelindesc&quot;:&quot;0&quot;,&quot;fixredundantuids&quot;:&quot;0&quot;,&quot;format&quot;:&quot;&quot;,&quot;formatmonthyear&quot;:&quot;F Y&quot;,&quot;fulldateintable&quot;:null,&quot;guid&quot;:&quot;r69f204e07a8415b&quot;,&quot;hidealldayindicator&quot;:&quot;0&quot;,&quot;hidecancelledevents&quot;:&quot;0&quot;,&quot;hideprivateevents&quot;:&quot;0&quot;,&quot;hiderecurrence&quot;:&quot;1&quot;,&quot;hidetentativeevents&quot;:&quot;0&quot;,&quot;hidetimes&quot;:&quot;0&quot;,&quot;htmltagdate&quot;:&quot;h4&quot;,&quot;htmltageventdesc&quot;:&quot;div&quot;,&quot;htmltageventtitle&quot;:&quot;span&quot;,&quot;htmltagmonth&quot;:&quot;h3&quot;,&quot;htmltagtime&quot;:&quot;span&quot;,&quot;htmltagtitle&quot;:&quot;h2&quot;,&quot;legacyparser&quot;:null,&quot;legendinline&quot;:false,&quot;legendposition&quot;:&quot;above&quot;,&quot;legendstyle&quot;:&quot;inline&quot;,&quot;limitdays&quot;:&quot;200&quot;,&quot;limitdayscustom&quot;:true,&quot;linebreakfix&quot;:null,&quot;linktitles&quot;:&quot;1&quot;,&quot;location&quot;:&quot;0&quot;,&quot;mapsource&quot;:&quot;google&quot;,&quot;maskinfo&quot;:false,&quot;method&quot;:&quot;0&quot;,&quot;monthnav&quot;:&quot;select&quot;,&quot;nolink&quot;:&quot;0&quot;,&quot;nomobile&quot;:&quot;0&quot;,&quot;nomonthheaders&quot;:&quot;0&quot;,&quot;nostyle&quot;:null,&quot;organizer&quot;:&quot;0&quot;,&quot;pagination&quot;:null,&quot;paginationposition&quot;:null,&quot;pastdays&quot;:0,&quot;reload&quot;:&quot;0&quot;,&quot;resources&quot;:&quot;0&quot;,&quot;reverse&quot;:false,&quot;sametab&quot;:&quot;1&quot;,&quot;showendtimes&quot;:&quot;1&quot;,&quot;skip&quot;:0,&quot;skipdomainerrors&quot;:&quot;0&quot;,&quot;skiprecurrence&quot;:&quot;0&quot;,&quot;solidcolors&quot;:&quot;0&quot;,&quot;startdate&quot;:&quot;20260401&quot;,&quot;stickymonths&quot;:&quot;1&quot;,&quot;tablebg&quot;:&quot;#f4ebde&quot;,&quot;timeformat&quot;:&quot;G:i&quot;,&quot;title&quot;:true,&quot;toggle&quot;:&quot;lightbox&quot;,&quot;tz&quot;:&quot;Africa\\\/Tripoli|Africa\\\/Tripoli&quot;,&quot;url&quot;:&quot;r34ics-url-69db3de1eade44.87470913|r34ics-url-69db3de1efa4f1.71229964&quot;,&quot;view&quot;:&quot;full&quot;,&quot;weeknumbers&quot;:&quot;1&quot;,&quot;whitetext&quot;:&quot;0&quot;,&quot;booked_day_bg_color&quot;:&quot;&quot;,&quot;calendar_illustrations&quot;:&quot;0&quot;,&quot;combined_availability&quot;:false,&quot;empty_day_bg_color&quot;:&quot;transparent&quot;,&quot;empty_day_description&quot;:&quot;&quot;,&quot;empty_day_title&quot;:&quot;&quot;,&quot;eventdesc_length&quot;:&quot;&quot;,&quot;fc_business_days&quot;:&quot;1,2,3,4,5&quot;,&quot;fc_height&quot;:&quot;&quot;,&quot;fc_hide_alldayslot&quot;:&quot;0&quot;,&quot;fc_tab_default&quot;:&quot;timeGridWeek&quot;,&quot;fc_tab_mobile_default_list&quot;:&quot;0&quot;,&quot;fc_tabs&quot;:&quot;timeGridWeek,timeGridDay,listMonth&quot;,&quot;fc_timegrid_all_hours&quot;:&quot;0&quot;,&quot;fill_empty_days&quot;:&quot;1&quot;,&quot;filters&quot;:&quot;a:2:{s:21:\\&quot;filtereventcssclasses\\&quot;;a:1:{s:6:\\&quot;enable\\&quot;;s:1:\\&quot;0\\&quot;;}s:18:\\&quot;filterexcludeevent\\&quot;;a:1:{s:6:\\&quot;enable\\&quot;;s:1:\\&quot;0\\&quot;;}}&quot;,&quot;grid_show_empty&quot;:&quot;1&quot;,&quot;hideweekends&quot;:&quot;0&quot;,&quot;hours&quot;:&quot;0000-2359&quot;,&quot;id&quot;:&quot;200351&quot;,&quot;month_list_all&quot;:&quot;0&quot;,&quot;month_table_list_toggle&quot;:&quot;0&quot;,&quot;no_angled_backgrounds&quot;:false,&quot;regex_pattern&quot;:null,&quot;regex_replacement&quot;:null,&quot;regex_scope&quot;:null,&quot;regex&quot;:&quot;0&quot;,&quot;showfilter&quot;:&quot;1&quot;,&quot;subscribelink&quot;:&quot;0&quot;,&quot;tzinlegend&quot;:&quot;0&quot;,&quot;upnext_future_label&quot;:&quot;&quot;,&quot;upnext_now_label&quot;:&quot;&quot;,&quot;upnext_show_future&quot;:false,&quot;upnext_show_date&quot;:false,&quot;use_client_tz&quot;:&quot;0&quot;,&quot;zoom&quot;:&quot;0.6&quot;,&quot;guid_static&quot;:&quot;&quot;,&quot;startdate_static&quot;:&quot;&quot;,&quot;color_array&quot;:[&quot;#f07c00&quot;,&quot;#e39e73&quot;],&quot;feedlabel_array&quot;:[&quot;Livesendung&quot;,&quot;Wiederholung&quot;],&quot;url_array&quot;:[&quot;https:\\\/\\\/radio-rum.de\\\/webcalendar\\\/publish.php\\\/Livesendung.ics&quot;,&quot;https:\\\/\\\/radio-rum.de\\\/webcalendar\\\/publish.php\\\/Wiederholung.ics&quot;]}\">&nbsp;<\/div>\n<hr \/>\n<p>Zu unserem <a href=\"https:\/\/www.radio-rum.de\/web\/sendeschema\/\">Sendeschema<\/a><\/p>\n","protected":false},"excerpt":{"rendered":"<p>Hier findet ihr unser Programm in der Wochen\u00fcbersicht. L\u00fccken im Kalendar sind offene Sendepl\u00e4tze die von euch belegt werden k\u00f6nnen und ansonsten vom Endlosband gef\u00fcllt werden. Einfach einen Sendeplatzantrag ausf\u00fcllen. Zu unserem Sendeschema<\/p>\n","protected":false},"author":1,"featured_media":0,"parent":0,"menu_order":0,"comment_status":"closed","ping_status":"closed","template":"template-onecolumn.php","meta":{"footnotes":""},"class_list":["post-761","page","type-page","status-publish","hentry","nodate","item-wrap"],"publishpress_future_action":{"enabled":false,"date":"2026-05-06 15:17:20","action":"change-status","newStatus":"draft","terms":[],"taxonomy":"","extraData":[]},"publishpress_future_workflow_manual_trigger":{"enabledWorkflows":[]},"_links":{"self":[{"href":"https:\/\/www.radio-rum.de\/web\/wp-json\/wp\/v2\/pages\/761","targetHints":{"allow":["GET"]}}],"collection":[{"href":"https:\/\/www.radio-rum.de\/web\/wp-json\/wp\/v2\/pages"}],"about":[{"href":"https:\/\/www.radio-rum.de\/web\/wp-json\/wp\/v2\/types\/page"}],"author":[{"embeddable":true,"href":"https:\/\/www.radio-rum.de\/web\/wp-json\/wp\/v2\/users\/1"}],"replies":[{"embeddable":true,"href":"https:\/\/www.radio-rum.de\/web\/wp-json\/wp\/v2\/comments?post=761"}],"version-history":[{"count":16,"href":"https:\/\/www.radio-rum.de\/web\/wp-json\/wp\/v2\/pages\/761\/revisions"}],"predecessor-version":[{"id":215321,"href":"https:\/\/www.radio-rum.de\/web\/wp-json\/wp\/v2\/pages\/761\/revisions\/215321"}],"wp:attachment":[{"href":"https:\/\/www.radio-rum.de\/web\/wp-json\/wp\/v2\/media?parent=761"}],"curies":[{"name":"wp","href":"https:\/\/api.w.org\/{rel}","templated":true}]}}